{"id":721,"date":"2026-02-05T11:59:28","date_gmt":"2026-02-05T11:59:28","guid":{"rendered":"https:\/\/www.andrewsever.com\/blog\/"},"modified":"2026-04-13T15:18:22","modified_gmt":"2026-04-13T15:18:22","slug":"blog","status":"publish","type":"page","link":"https:\/\/www.andrewsever.com\/fr\/blog\/","title":{"rendered":"Blog"},"content":{"rendered":"\n[et_pb_section fb_built=\u00a0\u00bb1&Prime; _builder_version=\u00a0\u00bb4.27.6&Prime; _module_preset=\u00a0\u00bbdefault\u00a0\u00bb use_background_color_gradient=\u00a0\u00bbon\u00a0\u00bb background_color_gradient_stops=\u00a0\u00bbrgba(0,0,0,0.4) 0%|rgba(0,0,0,0.4) 100%\u00a0\u00bb background_color_gradient_overlays_image=\u00a0\u00bbon\u00a0\u00bb background_image=\u00a0\u00bbhttps:\/\/www.andrewsever.com\/wp-content\/uploads\/2026\/02\/andrew-sever-sumsub-profile-scaled.jpg\u00a0\u00bb hover_enabled=\u00a0\u00bb0&Prime; custom_css_main_element=\u00a0\u00bbdisplay: flex;||flex-direction: column;||justify-content: flex-end;||\u00a0\u00bb custom_css_free_form=\u00a0\u00bb\/* When logged into WordPress (admin bar = 32px) *\/||body.logged-in selector {||  min-height: calc(100vh &#8211; 72px); \/* 40 + 32 *\/||}||||\/* For normal visitors (no admin bar) *\/||selector {||  min-height: calc(100vh &#8211; 60px);||}\u00a0\u00bb global_colors_info=\u00a0\u00bb{}\u00a0\u00bb title_text=\u00a0\u00bbandrew-sever-sumsub-profile\u00a0\u00bb sticky_enabled=\u00a0\u00bb0&Prime;][et_pb_row _builder_version=\u00a0\u00bb4.27.5&Prime; _module_preset=\u00a0\u00bbdefault\u00a0\u00bb width=\u00a0\u00bb90%\u00a0\u00bb max_width=\u00a0\u00bb90%\u00a0\u00bb custom_margin=\u00a0\u00bb||0px||false|false\u00a0\u00bb global_colors_info=\u00a0\u00bb{}\u00a0\u00bb][et_pb_column type=\u00a0\u00bb4_4&Prime; _builder_version=\u00a0\u00bb4.27.5&Prime; _module_preset=\u00a0\u00bbdefault\u00a0\u00bb global_colors_info=\u00a0\u00bb{}\u00a0\u00bb][et_pb_text _builder_version=\u00a0\u00bb4.27.5&Prime; _module_preset=\u00a0\u00bbdefault\u00a0\u00bb text_font=\u00a0\u00bbAeonik Pro||||||||\u00a0\u00bb text_text_color=\u00a0\u00bb#FFFFFF\u00a0\u00bb header_font=\u00a0\u00bbGeist||||||||\u00a0\u00bb header_text_color=\u00a0\u00bb#FFFFFF\u00a0\u00bb header_font_size=\u00a0\u00bb160px\u00a0\u00bb header_font_size_tablet=\u00a0\u00bb160px\u00a0\u00bb header_font_size_phone=\u00a0\u00bb90px\u00a0\u00bb header_font_size_last_edited=\u00a0\u00bbon|phone\u00a0\u00bb custom_css_free_form=\u00a0\u00bbh1 {||font-weight: 350;||}||\u00a0\u00bb global_colors_info=\u00a0\u00bb{}\u00a0\u00bb]<h1>Blog<\/h1>[\/et_pb_text][\/et_pb_column][\/et_pb_row][\/et_pb_section][et_pb_section fb_built=\u00a0\u00bb1&Prime; _builder_version=\u00a0\u00bb4.27.5&Prime; _module_preset=\u00a0\u00bbdefault\u00a0\u00bb background_color=\u00a0\u00bb#f7f4eb\u00a0\u00bb custom_css_main_element=\u00a0\u00bbdisplay: flex;||flex-direction: column;||justify-content: center;\u00a0\u00bb custom_css_free_form=\u00a0\u00bb\/* When logged into WordPress (admin bar = 32px) *\/||body.logged-in selector {||  min-height: calc(100vh &#8211; 72px); \/* 40 + 32 *\/||}||||\/* For normal visitors (no admin bar) *\/||selector {||  min-height: calc(100vh &#8211; 60px);||}\u00a0\u00bb global_colors_info=\u00a0\u00bb{}\u00a0\u00bb][et_pb_row _builder_version=\u00a0\u00bb4.27.5&Prime; _module_preset=\u00a0\u00bbdefault\u00a0\u00bb width=\u00a0\u00bb90%\u00a0\u00bb max_width=\u00a0\u00bb90%\u00a0\u00bb custom_margin=\u00a0\u00bb||0px||false|false\u00a0\u00bb custom_padding=\u00a0\u00bb||||false|false\u00a0\u00bb global_colors_info=\u00a0\u00bb{}\u00a0\u00bb][et_pb_column type=\u00a0\u00bb4_4&Prime; _builder_version=\u00a0\u00bb4.27.5&Prime; _module_preset=\u00a0\u00bbdefault\u00a0\u00bb global_colors_info=\u00a0\u00bb{}\u00a0\u00bb][et_pb_text _builder_version=\u00a0\u00bb4.27.5&Prime; _module_preset=\u00a0\u00bbdefault\u00a0\u00bb header_font=\u00a0\u00bbAeonik Pro||||||||\u00a0\u00bb header_font_size=\u00a0\u00bb52px\u00a0\u00bb header_2_font=\u00a0\u00bbAeonik Pro|300|||||||\u00a0\u00bb header_2_text_color=\u00a0\u00bb#000000&Prime; header_2_font_size=\u00a0\u00bb4rem\u00a0\u00bb custom_css_main_element=\u00a0\u00bbh2 {||  font-weight: 350;||}\u00a0\u00bb global_colors_info=\u00a0\u00bb{}\u00a0\u00bb]<h2>Articles r\u00e9cents<\/h2>[\/et_pb_text][et_pb_blog fullwidth=\u00a0\u00bboff\u00a0\u00bb posts_number=\u00a0\u00bb9&Prime; excerpt_length=\u00a0\u00bb120&Prime; show_more=\u00a0\u00bbon\u00a0\u00bb show_author=\u00a0\u00bboff\u00a0\u00bb masonry_tile_background_color=\u00a0\u00bb#0d1f08&Prime; module_class=\u00a0\u00bbbloggrid\u00a0\u00bb _builder_version=\u00a0\u00bb4.27.5&Prime; _module_preset=\u00a0\u00bbdefault\u00a0\u00bb header_text_color=\u00a0\u00bb#FFFFFF\u00a0\u00bb body_text_color=\u00a0\u00bb#FFFFFF\u00a0\u00bb body_font_size=\u00a0\u00bb17px\u00a0\u00bb body_line_height=\u00a0\u00bb1.4em\u00a0\u00bb meta_text_color=\u00a0\u00bb#FFFFFF\u00a0\u00bb meta_font_size=\u00a0\u00bb15px\u00a0\u00bb read_more_font=\u00a0\u00bb||||on|on|||\u00a0\u00bb read_more_text_color=\u00a0\u00bb#FFFFFF\u00a0\u00bb custom_css_main_element=\u00a0\u00bbbody, p {||  font-size: 12px;||}\u00a0\u00bb border_radii=\u00a0\u00bbon|16px|16px|16px|16px\u00a0\u00bb border_width_all=\u00a0\u00bb0px\u00a0\u00bb global_colors_info=\u00a0\u00bb{}\u00a0\u00bb][\/et_pb_blog][\/et_pb_column][\/et_pb_row][\/et_pb_section]\n","protected":false},"excerpt":{"rendered":"<p>BlogArticles r\u00e9cents<\/p>\n","protected":false},"author":1,"featured_media":0,"parent":0,"menu_order":0,"comment_status":"closed","ping_status":"closed","template":"","meta":{"_et_pb_use_builder":"on","_et_pb_old_content":"","_et_gb_content_width":"","inline_featured_image":false,"footnotes":""},"class_list":["post-721","page","type-page","status-publish","hentry"],"yoast_head":"<!-- This site is optimized with the Yoast SEO plugin v27.4 - https:\/\/yoast.com\/product\/yoast-seo-wordpress\/ -->\n<title>Andrew Sever | Blog<\/title>\n<meta name=\"description\" content=\"D\u00e9couvrez le blog d\u2019Andrew Sever, PDG de Sumsub, avec des analyses sur la pr\u00e9vention de la fraude, l\u2019IA, l\u2019identit\u00e9 num\u00e9rique et le leadership dans un secteur technologique en constante \u00e9volution.\" \/>\n<meta name=\"robots\" content=\"index, follow, max-snippet:-1, max-image-preview:large, max-video-preview:-1\" \/>\n<link rel=\"canonical\" href=\"https:\/\/www.andrewsever.com\/fr\/blog\/\" \/>\n<meta property=\"og:locale\" content=\"fr_FR\" \/>\n<meta property=\"og:type\" content=\"article\" \/>\n<meta property=\"og:title\" content=\"Andrew Sever | Blog\" \/>\n<meta property=\"og:description\" content=\"D\u00e9couvrez le blog d\u2019Andrew Sever, PDG de Sumsub, avec des analyses sur la pr\u00e9vention de la fraude, l\u2019IA, l\u2019identit\u00e9 num\u00e9rique et le leadership dans un secteur technologique en constante \u00e9volution.\" \/>\n<meta property=\"og:url\" content=\"https:\/\/www.andrewsever.com\/fr\/blog\/\" \/>\n<meta property=\"og:site_name\" content=\"Andrew Sever\" \/>\n<meta property=\"article:modified_time\" content=\"2026-04-13T15:18:22+00:00\" \/>\n<meta name=\"twitter:card\" content=\"summary_large_image\" \/>\n<meta name=\"twitter:label1\" content=\"Dur\u00e9e de lecture estim\u00e9e\" \/>\n\t<meta name=\"twitter:data1\" content=\"1 minute\" \/>\n<script type=\"application\/ld+json\" class=\"yoast-schema-graph\">{\"@context\":\"https:\\\/\\\/schema.org\",\"@graph\":[{\"@type\":\"WebPage\",\"@id\":\"https:\\\/\\\/www.andrewsever.com\\\/fr\\\/blog\\\/\",\"url\":\"https:\\\/\\\/www.andrewsever.com\\\/fr\\\/blog\\\/\",\"name\":\"Andrew Sever | Blog\",\"isPartOf\":{\"@id\":\"https:\\\/\\\/www.andrewsever.com\\\/fr\\\/#website\"},\"datePublished\":\"2026-02-05T11:59:28+00:00\",\"dateModified\":\"2026-04-13T15:18:22+00:00\",\"description\":\"D\u00e9couvrez le blog d\u2019Andrew Sever, PDG de Sumsub, avec des analyses sur la pr\u00e9vention de la fraude, l\u2019IA, l\u2019identit\u00e9 num\u00e9rique et le leadership dans un secteur technologique en constante \u00e9volution.\",\"breadcrumb\":{\"@id\":\"https:\\\/\\\/www.andrewsever.com\\\/fr\\\/blog\\\/#breadcrumb\"},\"inLanguage\":\"fr-FR\",\"potentialAction\":[{\"@type\":\"ReadAction\",\"target\":[\"https:\\\/\\\/www.andrewsever.com\\\/fr\\\/blog\\\/\"]}]},{\"@type\":\"BreadcrumbList\",\"@id\":\"https:\\\/\\\/www.andrewsever.com\\\/fr\\\/blog\\\/#breadcrumb\",\"itemListElement\":[{\"@type\":\"ListItem\",\"position\":1,\"name\":\"Home\",\"item\":\"https:\\\/\\\/www.andrewsever.com\\\/fr\\\/\"},{\"@type\":\"ListItem\",\"position\":2,\"name\":\"Blog\"}]},{\"@type\":\"WebSite\",\"@id\":\"https:\\\/\\\/www.andrewsever.com\\\/fr\\\/#website\",\"url\":\"https:\\\/\\\/www.andrewsever.com\\\/fr\\\/\",\"name\":\"Andrew Sever\",\"description\":\"This is the blog of Andrew Sever\",\"potentialAction\":[{\"@type\":\"SearchAction\",\"target\":{\"@type\":\"EntryPoint\",\"urlTemplate\":\"https:\\\/\\\/www.andrewsever.com\\\/fr\\\/?s={search_term_string}\"},\"query-input\":{\"@type\":\"PropertyValueSpecification\",\"valueRequired\":true,\"valueName\":\"search_term_string\"}}],\"inLanguage\":\"fr-FR\"}]}<\/script>\n<!-- \/ Yoast SEO plugin. -->","yoast_head_json":{"title":"Andrew Sever | Blog","description":"D\u00e9couvrez le blog d\u2019Andrew Sever, PDG de Sumsub, avec des analyses sur la pr\u00e9vention de la fraude, l\u2019IA, l\u2019identit\u00e9 num\u00e9rique et le leadership dans un secteur technologique en constante \u00e9volution.","robots":{"index":"index","follow":"follow","max-snippet":"max-snippet:-1","max-image-preview":"max-image-preview:large","max-video-preview":"max-video-preview:-1"},"canonical":"https:\/\/www.andrewsever.com\/fr\/blog\/","og_locale":"fr_FR","og_type":"article","og_title":"Andrew Sever | Blog","og_description":"D\u00e9couvrez le blog d\u2019Andrew Sever, PDG de Sumsub, avec des analyses sur la pr\u00e9vention de la fraude, l\u2019IA, l\u2019identit\u00e9 num\u00e9rique et le leadership dans un secteur technologique en constante \u00e9volution.","og_url":"https:\/\/www.andrewsever.com\/fr\/blog\/","og_site_name":"Andrew Sever","article_modified_time":"2026-04-13T15:18:22+00:00","twitter_card":"summary_large_image","twitter_misc":{"Dur\u00e9e de lecture estim\u00e9e":"1 minute"},"schema":{"@context":"https:\/\/schema.org","@graph":[{"@type":"WebPage","@id":"https:\/\/www.andrewsever.com\/fr\/blog\/","url":"https:\/\/www.andrewsever.com\/fr\/blog\/","name":"Andrew Sever | Blog","isPartOf":{"@id":"https:\/\/www.andrewsever.com\/fr\/#website"},"datePublished":"2026-02-05T11:59:28+00:00","dateModified":"2026-04-13T15:18:22+00:00","description":"D\u00e9couvrez le blog d\u2019Andrew Sever, PDG de Sumsub, avec des analyses sur la pr\u00e9vention de la fraude, l\u2019IA, l\u2019identit\u00e9 num\u00e9rique et le leadership dans un secteur technologique en constante \u00e9volution.","breadcrumb":{"@id":"https:\/\/www.andrewsever.com\/fr\/blog\/#breadcrumb"},"inLanguage":"fr-FR","potentialAction":[{"@type":"ReadAction","target":["https:\/\/www.andrewsever.com\/fr\/blog\/"]}]},{"@type":"BreadcrumbList","@id":"https:\/\/www.andrewsever.com\/fr\/blog\/#breadcrumb","itemListElement":[{"@type":"ListItem","position":1,"name":"Home","item":"https:\/\/www.andrewsever.com\/fr\/"},{"@type":"ListItem","position":2,"name":"Blog"}]},{"@type":"WebSite","@id":"https:\/\/www.andrewsever.com\/fr\/#website","url":"https:\/\/www.andrewsever.com\/fr\/","name":"Andrew Sever","description":"This is the blog of Andrew Sever","potentialAction":[{"@type":"SearchAction","target":{"@type":"EntryPoint","urlTemplate":"https:\/\/www.andrewsever.com\/fr\/?s={search_term_string}"},"query-input":{"@type":"PropertyValueSpecification","valueRequired":true,"valueName":"search_term_string"}}],"inLanguage":"fr-FR"}]}},"_links":{"self":[{"href":"https:\/\/www.andrewsever.com\/fr\/wp-json\/wp\/v2\/pages\/721","targetHints":{"allow":["GET"]}}],"collection":[{"href":"https:\/\/www.andrewsever.com\/fr\/wp-json\/wp\/v2\/pages"}],"about":[{"href":"https:\/\/www.andrewsever.com\/fr\/wp-json\/wp\/v2\/types\/page"}],"author":[{"embeddable":true,"href":"https:\/\/www.andrewsever.com\/fr\/wp-json\/wp\/v2\/users\/1"}],"replies":[{"embeddable":true,"href":"https:\/\/www.andrewsever.com\/fr\/wp-json\/wp\/v2\/comments?post=721"}],"version-history":[{"count":2,"href":"https:\/\/www.andrewsever.com\/fr\/wp-json\/wp\/v2\/pages\/721\/revisions"}],"predecessor-version":[{"id":759,"href":"https:\/\/www.andrewsever.com\/fr\/wp-json\/wp\/v2\/pages\/721\/revisions\/759"}],"wp:attachment":[{"href":"https:\/\/www.andrewsever.com\/fr\/wp-json\/wp\/v2\/media?parent=721"}],"curies":[{"name":"wp","href":"https:\/\/api.w.org\/{rel}","templated":true}]}}