{"id":718,"date":"2026-02-06T09:55:37","date_gmt":"2026-02-06T09:55:37","guid":{"rendered":"https:\/\/www.andrewsever.com\/a-prospos\/"},"modified":"2026-04-13T14:45:33","modified_gmt":"2026-04-13T14:45:33","slug":"a-prospos","status":"publish","type":"page","link":"https:\/\/www.andrewsever.com\/fr\/a-prospos\/","title":{"rendered":"\u00c0 Prospos"},"content":{"rendered":"<p>[et_pb_section fb_built=\u00a0\u00bb1&Prime; _builder_version=\u00a0\u00bb4.27.6&Prime; _module_preset=\u00a0\u00bbdefault\u00a0\u00bb use_background_color_gradient=\u00a0\u00bbon\u00a0\u00bb background_color_gradient_stops=\u00a0\u00bbrgba(0,0,0,0.4) 0%|rgba(0,0,0,0.4) 100%\u00a0\u00bb background_color_gradient_overlays_image=\u00a0\u00bbon\u00a0\u00bb background_image=\u00a0\u00bbhttps:\/\/www.andrewsever.com\/wp-content\/uploads\/2026\/02\/Andrew-Sever-About-Page-Hero-Image-scaled.jpg\u00a0\u00bb custom_css_main_element=\u00a0\u00bbdisplay: flex;||flex-direction: column;||justify-content: flex-end;||\u00a0\u00bb custom_css_free_form=\u00a0\u00bb\/* When logged into WordPress (admin bar = 32px) *\/||body.logged-in selector {||  min-height: calc(100vh &#8211; 72px); \/* 40 + 32 *\/||}||||\/* For normal visitors (no admin bar) *\/||selector {||  min-height: calc(100vh &#8211; 60px);||}\u00a0\u00bb global_colors_info=\u00a0\u00bb{}\u00a0\u00bb][et_pb_row _builder_version=\u00a0\u00bb4.27.5&Prime; _module_preset=\u00a0\u00bbdefault\u00a0\u00bb width=\u00a0\u00bb90%\u00a0\u00bb max_width=\u00a0\u00bb90%\u00a0\u00bb custom_margin=\u00a0\u00bb||0px||false|false\u00a0\u00bb global_colors_info=\u00a0\u00bb{}\u00a0\u00bb][et_pb_column type=\u00a0\u00bb4_4&Prime; _builder_version=\u00a0\u00bb4.27.5&Prime; _module_preset=\u00a0\u00bbdefault\u00a0\u00bb global_colors_info=\u00a0\u00bb{}\u00a0\u00bb][et_pb_text _builder_version=\u00a0\u00bb4.27.5&Prime; _module_preset=\u00a0\u00bbdefault\u00a0\u00bb text_font=\u00a0\u00bbAeonik Pro||||||||\u00a0\u00bb text_text_color=\u00a0\u00bb#FFFFFF\u00a0\u00bb header_font=\u00a0\u00bbGeist||||||||\u00a0\u00bb header_text_color=\u00a0\u00bb#FFFFFF\u00a0\u00bb header_font_size=\u00a0\u00bb160px\u00a0\u00bb header_font_size_tablet=\u00a0\u00bb160px\u00a0\u00bb header_font_size_phone=\u00a0\u00bb90px\u00a0\u00bb header_font_size_last_edited=\u00a0\u00bbon|phone\u00a0\u00bb custom_css_free_form=\u00a0\u00bbh1 {||font-weight: 350;||}||\u00a0\u00bb global_colors_info=\u00a0\u00bb{}\u00a0\u00bb]<\/p>\n<h1>\u00c0 Prospos<\/h1>\n<p>[\/et_pb_text][\/et_pb_column][\/et_pb_row][\/et_pb_section][et_pb_section fb_built=\u00a0\u00bb1&Prime; _builder_version=\u00a0\u00bb4.27.5&Prime; _module_preset=\u00a0\u00bbdefault\u00a0\u00bb background_color=\u00a0\u00bb#f7f4eb\u00a0\u00bb custom_css_main_element=\u00a0\u00bbdisplay: flex;||flex-direction: column;||justify-content: center;\u00a0\u00bb custom_css_free_form=\u00a0\u00bb\/* When logged into WordPress (admin bar = 32px) *\/||body.logged-in selector {||  min-height: calc(65vh); \/* 40 + 32 *\/||}||||\/* For normal visitors (no admin bar) *\/||selector {||  min-height: calc(65vh);||}\u00a0\u00bb global_colors_info=\u00a0\u00bb{}\u00a0\u00bb][et_pb_row _builder_version=\u00a0\u00bb4.27.5&Prime; _module_preset=\u00a0\u00bbdefault\u00a0\u00bb custom_margin=\u00a0\u00bb||0px||false|false\u00a0\u00bb custom_padding=\u00a0\u00bb||||false|false\u00a0\u00bb global_colors_info=\u00a0\u00bb{}\u00a0\u00bb][et_pb_column type=\u00a0\u00bb4_4&Prime; _builder_version=\u00a0\u00bb4.27.5&Prime; _module_preset=\u00a0\u00bbdefault\u00a0\u00bb global_colors_info=\u00a0\u00bb{}\u00a0\u00bb][et_pb_text _builder_version=\u00a0\u00bb4.27.5&Prime; _module_preset=\u00a0\u00bbdefault\u00a0\u00bb text_font=\u00a0\u00bbInter||||||||\u00a0\u00bb text_text_color=\u00a0\u00bb#000000&Prime; text_letter_spacing=\u00a0\u00bb-1px\u00a0\u00bb width=\u00a0\u00bb90%\u00a0\u00bb text_font_size_tablet=\u00a0\u00bb19px\u00a0\u00bb text_font_size_phone=\u00a0\u00bb19px\u00a0\u00bb text_font_size_last_edited=\u00a0\u00bbon|phone\u00a0\u00bb text_line_height_tablet=\u00a0\u00bb1.1em\u00a0\u00bb text_line_height_phone=\u00a0\u00bb1.1em\u00a0\u00bb text_line_height_last_edited=\u00a0\u00bbon|tablet\u00a0\u00bb custom_css_main_element=\u00a0\u00bbp {||  font-weight: 400;||}||\u00a0\u00bb global_colors_info=\u00a0\u00bb{}\u00a0\u00bb]<\/p>\n<p>Andrew Sever a cofond\u00e9 Sumsub en 2015 et l&rsquo;a fait passer d&rsquo;une petite start-up \u00e0 une plateforme de v\u00e9rification mondiale comptant plus de 1 000 employ\u00e9s r\u00e9partis dans huit bureaux, qui soutient plus de 4 000 clients dans plus de 220 pays et territoires. En tant que dirigeant, Andrew Sever, PDG de Sumsub, construit son leadership \u00e0 travers le dialogue. Il teste constamment ses id\u00e9es aupr\u00e8s de ses fr\u00e8res, de son \u00e9quipe de direction, de ses clients et de ses partenaires, r\u00e9unissant ainsi dans une m\u00eame pi\u00e8ce des personnes qui ont des points de vue diff\u00e9rents sur un m\u00eame probl\u00e8me. Sa force r\u00e9side dans sa capacit\u00e9 \u00e0 transformer la complexit\u00e9 en clart\u00e9, \u00e0 cr\u00e9er une coh\u00e9sion et \u00e0 dynamiser les produits. Son objectif \u00e0 long terme est de mettre en place des d\u00e9fenses concr\u00e8tes contre la fraude et de rendre la v\u00e9rification plus rapide, plus \u00e9quitable et plus humaine pour les entreprises et les utilisateurs partout dans le monde.   <br \/><span data-metadata=\"&lt;!--(figmeta)eyJmaWxlS2V5Ijoiajc5bDhlVWJDWEh4SnVqcVdnUWFMdiIsInBhc3RlSUQiOjY2ODU1NDI5OCwiZGF0YVR5cGUiOiJzY2VuZSJ9Cg==(\/figmeta)--&gt;\"><\/span><\/p>\n<p><span><\/span><\/p>\n<p>[\/et_pb_text][\/et_pb_column][\/et_pb_row][et_pb_row _builder_version=\u00a0\u00bb4.27.5&Prime; _module_preset=\u00a0\u00bbdefault\u00a0\u00bb custom_margin=\u00a0\u00bb5px||||false|false\u00a0\u00bb global_colors_info=\u00a0\u00bb{}\u00a0\u00bb][et_pb_column type=\u00a0\u00bb4_4&Prime; _builder_version=\u00a0\u00bb4.27.5&Prime; _module_preset=\u00a0\u00bbdefault\u00a0\u00bb global_colors_info=\u00a0\u00bb{}\u00a0\u00bb][et_pb_button button_url=\u00a0\u00bb@ET-DC@eyJkeW5hbWljIjp0cnVlLCJjb250ZW50IjoicG9zdF9saW5rX3VybF9wYWdlIiwic2V0dGluZ3MiOnsicG9zdF9pZCI6IjMyIiwiZW5hYmxlX2h0bWwiOiJvZmYifX0=@\u00a0\u00bb button_text=\u00a0\u00bbEn savoir plus sur Sumsub\u00a0\u00bb _builder_version=\u00a0\u00bb4.27.6&Prime; _dynamic_attributes=\u00a0\u00bbbutton_url\u00a0\u00bb _module_preset=\u00a0\u00bbdefault\u00a0\u00bb hover_enabled=\u00a0\u00bb0&Prime; global_colors_info=\u00a0\u00bb{}\u00a0\u00bb sticky_enabled=\u00a0\u00bb0&Prime;][\/et_pb_button][\/et_pb_column][\/et_pb_row][\/et_pb_section][et_pb_section fb_built=\u00a0\u00bb1&Prime; _builder_version=\u00a0\u00bb4.27.6&Prime; _module_preset=\u00a0\u00bbdefault\u00a0\u00bb background_enable_color=\u00a0\u00bboff\u00a0\u00bb background_image=\u00a0\u00bbhttps:\/\/www.andrewsever.com\/wp-content\/uploads\/2026\/02\/Andrew-Sever-About-Page-Banner-Image.jpg\u00a0\u00bb background_last_edited=\u00a0\u00bbon|phone\u00a0\u00bb background_position_tablet=\u00a0\u00bbcenter\u00a0\u00bb background_position_phone=\u00a0\u00bbcenter\u00a0\u00bb background_horizontal_offset_tablet=\u00a0\u00bb25%\u00a0\u00bb background_horizontal_offset_phone=\u00a0\u00bb31%\u00a0\u00bb custom_css_main_element=\u00a0\u00bbmin-height: calc(100vh);||\u00a0\u00bb global_colors_info=\u00a0\u00bb{}\u00a0\u00bb custom_css_main_element_last_edited=\u00a0\u00bbon|tablet\u00a0\u00bb custom_css_main_element_phone=\u00a0\u00bbmin-height: calc(30vh);||  \u00a0\u00bb custom_css_main_element_tablet=\u00a0\u00bbmin-height: calc(50vh);\u00a0\u00bb][\/et_pb_section][et_pb_section fb_built=\u00a0\u00bb1&Prime; custom_padding_last_edited=\u00a0\u00bbon|tablet\u00a0\u00bb _builder_version=\u00a0\u00bb4.27.5&Prime; _module_preset=\u00a0\u00bbdefault\u00a0\u00bb background_color=\u00a0\u00bb#0d1f08&Prime; custom_padding=\u00a0\u00bb100px||100px||true|false\u00a0\u00bb custom_padding_tablet=\u00a0\u00bb125px||125px||true|false\u00a0\u00bb custom_padding_phone=\u00a0\u00bb50px||50px||true|false\u00a0\u00bb custom_css_main_element=\u00a0\u00bbdisplay: flex;||flex-direction: column;||justify-content: center;\u00a0\u00bb custom_css_free_form=\u00a0\u00bb\/* When logged into WordPress (admin bar = 32px) *\/||body.logged-in selector {||  min-height: calc(100vh &#8211; 72px); \/* 40 + 32 *\/||}||||\/* For normal visitors (no admin bar) *\/||selector {||  min-height: calc(100vh &#8211; 60px);||}\u00a0\u00bb global_colors_info=\u00a0\u00bb{}\u00a0\u00bb][et_pb_row column_structure=\u00a0\u00bb1_2,1_2&Prime; make_equal=\u00a0\u00bbon\u00a0\u00bb _builder_version=\u00a0\u00bb4.27.5&Prime; _module_preset=\u00a0\u00bbdefault\u00a0\u00bb custom_padding=\u00a0\u00bb||||false|false\u00a0\u00bb global_colors_info=\u00a0\u00bb{}\u00a0\u00bb][et_pb_column type=\u00a0\u00bb1_2&Prime; _builder_version=\u00a0\u00bb4.27.5&Prime; _module_preset=\u00a0\u00bbdefault\u00a0\u00bb custom_css_main_element=\u00a0\u00bbmargin: auto;\u00a0\u00bb global_colors_info=\u00a0\u00bb{}\u00a0\u00bb][et_pb_text _builder_version=\u00a0\u00bb4.27.5&Prime; _module_preset=\u00a0\u00bbdefault\u00a0\u00bb text_font=\u00a0\u00bbInter||||||||\u00a0\u00bb text_text_color=\u00a0\u00bb#FFFFFF\u00a0\u00bb text_letter_spacing=\u00a0\u00bb-1px\u00a0\u00bb width=\u00a0\u00bb90%\u00a0\u00bb text_font_size_tablet=\u00a0\u00bb19px\u00a0\u00bb text_font_size_phone=\u00a0\u00bb19px\u00a0\u00bb text_font_size_last_edited=\u00a0\u00bbon|phone\u00a0\u00bb text_line_height_tablet=\u00a0\u00bb1.1em\u00a0\u00bb text_line_height_phone=\u00a0\u00bb1.1em\u00a0\u00bb text_line_height_last_edited=\u00a0\u00bbon|tablet\u00a0\u00bb custom_css_main_element=\u00a0\u00bbp {||  font-weight: 400;||}||\u00a0\u00bb global_colors_info=\u00a0\u00bb{}\u00a0\u00bb]<\/p>\n<p>Les commentaires et les analyses d&rsquo;Andrew ont \u00e9t\u00e9 publi\u00e9s dans Forbes, The Business Times, Spiceworks, Fintech Finance et d&rsquo;autres m\u00e9dias internationaux. En tant que PDG, il supervise le d\u00e9veloppement commercial, les op\u00e9rations, les ventes et l&rsquo;expansion mondiale de Sumsub, tout en restant profond\u00e9ment impliqu\u00e9 dans l&rsquo;orientation des produits et la culture d&rsquo;\u00e9quipe. <br \/><span data-metadata=\"&lt;!--(figmeta)eyJmaWxlS2V5Ijoiajc5bDhlVWJDWEh4SnVqcVdnUWFMdiIsInBhc3RlSUQiOjY2ODU1NDI5OCwiZGF0YVR5cGUiOiJzY2VuZSJ9Cg==(\/figmeta)--&gt;\"><\/span><\/p>\n<p><span><\/span><\/p>\n<p>[\/et_pb_text][\/et_pb_column][et_pb_column type=\u00a0\u00bb1_2&Prime; _builder_version=\u00a0\u00bb4.27.5&Prime; _module_preset=\u00a0\u00bbdefault\u00a0\u00bb custom_css_main_element=\u00a0\u00bbmargin: auto;\u00a0\u00bb global_colors_info=\u00a0\u00bb{}\u00a0\u00bb][et_pb_image src=\u00a0\u00bbhttps:\/\/www.andrewsever.com\/wp-content\/uploads\/2026\/02\/Andrew-Sever-About-Page-CEO.jpg\u00a0\u00bb alt=\u00a0\u00bbAndrew Sever\u00a0\u00bb title_text=\u00a0\u00bbAndrew-Sever-About-Page-CEO\u00a0\u00bb align=\u00a0\u00bbcenter\u00a0\u00bb _builder_version=\u00a0\u00bb4.27.6&Prime; _module_preset=\u00a0\u00bbdefault\u00a0\u00bb border_radii=\u00a0\u00bbon|15px|15px|15px|15px\u00a0\u00bb global_colors_info=\u00a0\u00bb{}\u00a0\u00bb][\/et_pb_image][\/et_pb_column][\/et_pb_row][et_pb_row column_structure=\u00a0\u00bb1_2,1_2&Prime; make_equal=\u00a0\u00bbon\u00a0\u00bb _builder_version=\u00a0\u00bb4.27.5&Prime; _module_preset=\u00a0\u00bbdefault\u00a0\u00bb custom_padding=\u00a0\u00bb||||false|false\u00a0\u00bb global_colors_info=\u00a0\u00bb{}\u00a0\u00bb][et_pb_column type=\u00a0\u00bb1_2&Prime; _builder_version=\u00a0\u00bb4.27.5&Prime; _module_preset=\u00a0\u00bbdefault\u00a0\u00bb custom_css_main_element=\u00a0\u00bbmargin: auto;\u00a0\u00bb global_colors_info=\u00a0\u00bb{}\u00a0\u00bb][et_pb_image src=\u00a0\u00bbhttps:\/\/www.andrewsever.com\/wp-content\/uploads\/2026\/02\/Andrew-Sever-About-Page-Oceanman-Ironman.jpg\u00a0\u00bb alt=\u00a0\u00bbAndrew Sever\u00a0\u00bb title_text=\u00a0\u00bbAndrew-Sever-About-Page-Oceanman-Ironman\u00a0\u00bb align=\u00a0\u00bbcenter\u00a0\u00bb _builder_version=\u00a0\u00bb4.27.6&Prime; _module_preset=\u00a0\u00bbdefault\u00a0\u00bb custom_padding=\u00a0\u00bb||||false|false\u00a0\u00bb custom_padding_tablet=\u00a0\u00bb||20px||false|false\u00a0\u00bb custom_padding_phone=\u00a0\u00bb||20px||false|false\u00a0\u00bb custom_padding_last_edited=\u00a0\u00bbon|tablet\u00a0\u00bb border_radii=\u00a0\u00bbon|15px|15px|15px|15px\u00a0\u00bb global_colors_info=\u00a0\u00bb{}\u00a0\u00bb][\/et_pb_image][\/et_pb_column][et_pb_column type=\u00a0\u00bb1_2&Prime; _builder_version=\u00a0\u00bb4.27.5&Prime; _module_preset=\u00a0\u00bbdefault\u00a0\u00bb custom_css_main_element=\u00a0\u00bbmargin: auto;\u00a0\u00bb global_colors_info=\u00a0\u00bb{}\u00a0\u00bb][et_pb_text _builder_version=\u00a0\u00bb4.27.5&Prime; _module_preset=\u00a0\u00bbdefault\u00a0\u00bb text_font=\u00a0\u00bbInter||||||||\u00a0\u00bb text_text_color=\u00a0\u00bb#FFFFFF\u00a0\u00bb text_letter_spacing=\u00a0\u00bb-1px\u00a0\u00bb width=\u00a0\u00bb90%\u00a0\u00bb text_font_size_tablet=\u00a0\u00bb19px\u00a0\u00bb text_font_size_phone=\u00a0\u00bb19px\u00a0\u00bb text_font_size_last_edited=\u00a0\u00bbon|phone\u00a0\u00bb text_line_height_tablet=\u00a0\u00bb1.1em\u00a0\u00bb text_line_height_phone=\u00a0\u00bb1.1em\u00a0\u00bb text_line_height_last_edited=\u00a0\u00bbon|tablet\u00a0\u00bb custom_css_main_element=\u00a0\u00bbp {||  font-weight: 400;||}||\u00a0\u00bb global_colors_info=\u00a0\u00bb{}\u00a0\u00bb]<\/p>\n<p>En dehors du travail, Andrew consid\u00e8re l&rsquo;entra\u00eenement comme faisant partie int\u00e9grante du leadership plut\u00f4t que comme un simple passe-temps. Il consid\u00e8re le corps et l&rsquo;esprit comme un tout, o\u00f9 le mouvement, la r\u00e9cup\u00e9ration et la clart\u00e9 mentale sont \u00e9troitement li\u00e9s. Il s&rsquo;entra\u00eene pour l&rsquo;IRONMAN 70.3 et l&rsquo;OCEANMAN selon une approche structur\u00e9e et fond\u00e9e sur des donn\u00e9es, en collaboration avec des entra\u00eeneurs et des sp\u00e9cialistes m\u00e9dicaux, et en accordant une attention particuli\u00e8re \u00e0 la r\u00e9cup\u00e9ration et aux performances \u00e0 long terme. Les sports d&rsquo;endurance, en particulier la natation en eau libre, affinent sa capacit\u00e9 \u00e0 rester calme sous pression, une comp\u00e9tence qu&rsquo;il appr\u00e9cie autant dans le leadership que dans la comp\u00e9tition. Andrew s&rsquo;int\u00e9resse \u00e9galement aux donn\u00e9es relatives \u00e0 la sant\u00e9, utilisant les appareils portables de mani\u00e8re r\u00e9fl\u00e9chie plut\u00f4t que dogmatique, et il soutient activement les initiatives sportives collectives chez Sumsub pour leurs avantages cognitifs et culturels.    <br \/><span data-metadata=\"&lt;!--(figmeta)eyJmaWxlS2V5Ijoiajc5bDhlVWJDWEh4SnVqcVdnUWFMdiIsInBhc3RlSUQiOjY2ODU1NDI5OCwiZGF0YVR5cGUiOiJzY2VuZSJ9Cg==(\/figmeta)--&gt;\"><\/span><\/p>\n<p><span><\/span><\/p>\n<p>[\/et_pb_text][\/et_pb_column][\/et_pb_row][\/et_pb_section]<\/p>\n","protected":false},"excerpt":{"rendered":"<p>\u00c0 ProsposAndrew Sever a cofond\u00e9 Sumsub en 2015 et l&rsquo;a fait passer d&rsquo;une petite start-up \u00e0 une plateforme de v\u00e9rification mondiale comptant plus de 1 000 employ\u00e9s r\u00e9partis dans huit bureaux, qui soutient plus de 4 000 clients dans plus de 220 pays et territoires. En tant que dirigeant, Andrew Sever, PDG de Sumsub, construit [&hellip;]<\/p>\n","protected":false},"author":1,"featured_media":0,"parent":0,"menu_order":0,"comment_status":"closed","ping_status":"closed","template":"","meta":{"_et_pb_use_builder":"on","_et_pb_old_content":"","_et_gb_content_width":"","inline_featured_image":false,"footnotes":""},"class_list":["post-718","page","type-page","status-publish","hentry"],"yoast_head":"<!-- This site is optimized with the Yoast SEO plugin v27.4 - https:\/\/yoast.com\/product\/yoast-seo-wordpress\/ -->\n<title>About Andrew Sever | PDG et cofondateur de Sumsub<\/title>\n<meta name=\"description\" content=\"Andrew Sever a cofond\u00e9 Sumsub en 2015 et l&#039;a fait passer d&#039;une petite start-up \u00e0 une plateforme de v\u00e9rification mondiale comptant plus de 1 000 employ\u00e9s r\u00e9partis dans huit bureaux, qui soutient plus de 4 000 clients dans plus de 220 pays et territoires.\" \/>\n<meta name=\"robots\" content=\"index, follow, max-snippet:-1, max-image-preview:large, max-video-preview:-1\" \/>\n<link rel=\"canonical\" href=\"https:\/\/www.andrewsever.com\/fr\/a-prospos\/\" \/>\n<meta property=\"og:locale\" content=\"fr_FR\" \/>\n<meta property=\"og:type\" content=\"article\" \/>\n<meta property=\"og:title\" content=\"About Andrew Sever | PDG et cofondateur de Sumsub\" \/>\n<meta property=\"og:description\" content=\"Andrew Sever a cofond\u00e9 Sumsub en 2015 et l&#039;a fait passer d&#039;une petite start-up \u00e0 une plateforme de v\u00e9rification mondiale comptant plus de 1 000 employ\u00e9s r\u00e9partis dans huit bureaux, qui soutient plus de 4 000 clients dans plus de 220 pays et territoires.\" \/>\n<meta property=\"og:url\" content=\"https:\/\/www.andrewsever.com\/fr\/a-prospos\/\" \/>\n<meta property=\"og:site_name\" content=\"Andrew Sever\" \/>\n<meta property=\"article:modified_time\" content=\"2026-04-13T14:45:33+00:00\" \/>\n<meta name=\"twitter:card\" content=\"summary_large_image\" \/>\n<meta name=\"twitter:label1\" content=\"Dur\u00e9e de lecture estim\u00e9e\" \/>\n\t<meta name=\"twitter:data1\" content=\"7 minutes\" \/>\n<script type=\"application\/ld+json\" class=\"yoast-schema-graph\">{\"@context\":\"https:\\\/\\\/schema.org\",\"@graph\":[{\"@type\":\"WebPage\",\"@id\":\"https:\\\/\\\/www.andrewsever.com\\\/fr\\\/a-prospos\\\/\",\"url\":\"https:\\\/\\\/www.andrewsever.com\\\/fr\\\/a-prospos\\\/\",\"name\":\"About Andrew Sever | PDG et cofondateur de Sumsub\",\"isPartOf\":{\"@id\":\"https:\\\/\\\/www.andrewsever.com\\\/fr\\\/#website\"},\"datePublished\":\"2026-02-06T09:55:37+00:00\",\"dateModified\":\"2026-04-13T14:45:33+00:00\",\"description\":\"Andrew Sever a cofond\u00e9 Sumsub en 2015 et l'a fait passer d'une petite start-up \u00e0 une plateforme de v\u00e9rification mondiale comptant plus de 1 000 employ\u00e9s r\u00e9partis dans huit bureaux, qui soutient plus de 4 000 clients dans plus de 220 pays et territoires.\",\"breadcrumb\":{\"@id\":\"https:\\\/\\\/www.andrewsever.com\\\/fr\\\/a-prospos\\\/#breadcrumb\"},\"inLanguage\":\"fr-FR\",\"potentialAction\":[{\"@type\":\"ReadAction\",\"target\":[\"https:\\\/\\\/www.andrewsever.com\\\/fr\\\/a-prospos\\\/\"]}]},{\"@type\":\"BreadcrumbList\",\"@id\":\"https:\\\/\\\/www.andrewsever.com\\\/fr\\\/a-prospos\\\/#breadcrumb\",\"itemListElement\":[{\"@type\":\"ListItem\",\"position\":1,\"name\":\"Home\",\"item\":\"https:\\\/\\\/www.andrewsever.com\\\/fr\\\/\"},{\"@type\":\"ListItem\",\"position\":2,\"name\":\"\u00c0 Prospos\"}]},{\"@type\":\"WebSite\",\"@id\":\"https:\\\/\\\/www.andrewsever.com\\\/fr\\\/#website\",\"url\":\"https:\\\/\\\/www.andrewsever.com\\\/fr\\\/\",\"name\":\"Andrew Sever\",\"description\":\"This is the blog of Andrew Sever\",\"potentialAction\":[{\"@type\":\"SearchAction\",\"target\":{\"@type\":\"EntryPoint\",\"urlTemplate\":\"https:\\\/\\\/www.andrewsever.com\\\/fr\\\/?s={search_term_string}\"},\"query-input\":{\"@type\":\"PropertyValueSpecification\",\"valueRequired\":true,\"valueName\":\"search_term_string\"}}],\"inLanguage\":\"fr-FR\"}]}<\/script>\n<!-- \/ Yoast SEO plugin. -->","yoast_head_json":{"title":"About Andrew Sever | PDG et cofondateur de Sumsub","description":"Andrew Sever a cofond\u00e9 Sumsub en 2015 et l'a fait passer d'une petite start-up \u00e0 une plateforme de v\u00e9rification mondiale comptant plus de 1 000 employ\u00e9s r\u00e9partis dans huit bureaux, qui soutient plus de 4 000 clients dans plus de 220 pays et territoires.","robots":{"index":"index","follow":"follow","max-snippet":"max-snippet:-1","max-image-preview":"max-image-preview:large","max-video-preview":"max-video-preview:-1"},"canonical":"https:\/\/www.andrewsever.com\/fr\/a-prospos\/","og_locale":"fr_FR","og_type":"article","og_title":"About Andrew Sever | PDG et cofondateur de Sumsub","og_description":"Andrew Sever a cofond\u00e9 Sumsub en 2015 et l'a fait passer d'une petite start-up \u00e0 une plateforme de v\u00e9rification mondiale comptant plus de 1 000 employ\u00e9s r\u00e9partis dans huit bureaux, qui soutient plus de 4 000 clients dans plus de 220 pays et territoires.","og_url":"https:\/\/www.andrewsever.com\/fr\/a-prospos\/","og_site_name":"Andrew Sever","article_modified_time":"2026-04-13T14:45:33+00:00","twitter_card":"summary_large_image","twitter_misc":{"Dur\u00e9e de lecture estim\u00e9e":"7 minutes"},"schema":{"@context":"https:\/\/schema.org","@graph":[{"@type":"WebPage","@id":"https:\/\/www.andrewsever.com\/fr\/a-prospos\/","url":"https:\/\/www.andrewsever.com\/fr\/a-prospos\/","name":"About Andrew Sever | PDG et cofondateur de Sumsub","isPartOf":{"@id":"https:\/\/www.andrewsever.com\/fr\/#website"},"datePublished":"2026-02-06T09:55:37+00:00","dateModified":"2026-04-13T14:45:33+00:00","description":"Andrew Sever a cofond\u00e9 Sumsub en 2015 et l'a fait passer d'une petite start-up \u00e0 une plateforme de v\u00e9rification mondiale comptant plus de 1 000 employ\u00e9s r\u00e9partis dans huit bureaux, qui soutient plus de 4 000 clients dans plus de 220 pays et territoires.","breadcrumb":{"@id":"https:\/\/www.andrewsever.com\/fr\/a-prospos\/#breadcrumb"},"inLanguage":"fr-FR","potentialAction":[{"@type":"ReadAction","target":["https:\/\/www.andrewsever.com\/fr\/a-prospos\/"]}]},{"@type":"BreadcrumbList","@id":"https:\/\/www.andrewsever.com\/fr\/a-prospos\/#breadcrumb","itemListElement":[{"@type":"ListItem","position":1,"name":"Home","item":"https:\/\/www.andrewsever.com\/fr\/"},{"@type":"ListItem","position":2,"name":"\u00c0 Prospos"}]},{"@type":"WebSite","@id":"https:\/\/www.andrewsever.com\/fr\/#website","url":"https:\/\/www.andrewsever.com\/fr\/","name":"Andrew Sever","description":"This is the blog of Andrew Sever","potentialAction":[{"@type":"SearchAction","target":{"@type":"EntryPoint","urlTemplate":"https:\/\/www.andrewsever.com\/fr\/?s={search_term_string}"},"query-input":{"@type":"PropertyValueSpecification","valueRequired":true,"valueName":"search_term_string"}}],"inLanguage":"fr-FR"}]}},"_links":{"self":[{"href":"https:\/\/www.andrewsever.com\/fr\/wp-json\/wp\/v2\/pages\/718","targetHints":{"allow":["GET"]}}],"collection":[{"href":"https:\/\/www.andrewsever.com\/fr\/wp-json\/wp\/v2\/pages"}],"about":[{"href":"https:\/\/www.andrewsever.com\/fr\/wp-json\/wp\/v2\/types\/page"}],"author":[{"embeddable":true,"href":"https:\/\/www.andrewsever.com\/fr\/wp-json\/wp\/v2\/users\/1"}],"replies":[{"embeddable":true,"href":"https:\/\/www.andrewsever.com\/fr\/wp-json\/wp\/v2\/comments?post=718"}],"version-history":[{"count":1,"href":"https:\/\/www.andrewsever.com\/fr\/wp-json\/wp\/v2\/pages\/718\/revisions"}],"predecessor-version":[{"id":745,"href":"https:\/\/www.andrewsever.com\/fr\/wp-json\/wp\/v2\/pages\/718\/revisions\/745"}],"wp:attachment":[{"href":"https:\/\/www.andrewsever.com\/fr\/wp-json\/wp\/v2\/media?parent=718"}],"curies":[{"name":"wp","href":"https:\/\/api.w.org\/{rel}","templated":true}]}}