{"id":710,"date":"2026-02-05T12:00:38","date_gmt":"2026-02-05T12:00:38","guid":{"rendered":"https:\/\/www.andrewsever.com\/galerie\/"},"modified":"2026-04-13T15:19:33","modified_gmt":"2026-04-13T15:19:33","slug":"galerie","status":"publish","type":"page","link":"https:\/\/www.andrewsever.com\/de\/galerie\/","title":{"rendered":"Galerie"},"content":{"rendered":"\n[et_pb_section fb_built=&#8220;1&#8243; _builder_version=&#8220;4.27.6&#8243; _module_preset=&#8220;default&#8220; use_background_color_gradient=&#8220;on&#8220; background_color_gradient_stops=&#8220;rgba(0,0,0,0.4) 0%|rgba(0,0,0,0.4) 100%&#8220; background_color_gradient_overlays_image=&#8220;on&#8220; background_image=&#8220;https:\/\/www.andrewsever.com\/wp-content\/uploads\/2026\/02\/Andrew-Sever-Gallery-Hero-Image.jpg&#8220; hover_enabled=&#8220;0&#8243; custom_css_main_element=&#8220;display: flex;||flex-direction: column;||justify-content: flex-end;||&#8220; custom_css_free_form=&#8220;\/* When logged into WordPress (admin bar = 32px) *\/||body.logged-in selector {||  min-height: calc(100vh &#8211; 72px); \/* 40 + 32 *\/||}||||\/* For normal visitors (no admin bar) *\/||selector {||  min-height: calc(100vh &#8211; 60px);||}&#8220; locked=&#8220;off&#8220; global_colors_info=&#8220;{}&#8220; title_text=&#8220;Andrew-Sever-Gallery-Hero-Image&#8220; sticky_enabled=&#8220;0&#8243;][et_pb_row _builder_version=&#8220;4.27.5&#8243; _module_preset=&#8220;default&#8220; width=&#8220;90%&#8220; max_width=&#8220;90%&#8220; custom_margin=&#8220;||0px||false|false&#8220; global_colors_info=&#8220;{}&#8220;][et_pb_column type=&#8220;4_4&#8243; _builder_version=&#8220;4.27.5&#8243; _module_preset=&#8220;default&#8220; global_colors_info=&#8220;{}&#8220;][et_pb_text _builder_version=&#8220;4.27.5&#8243; _module_preset=&#8220;default&#8220; text_font=&#8220;Aeonik Pro||||||||&#8220; text_text_color=&#8220;#FFFFFF&#8220; header_font=&#8220;Geist||||||||&#8220; header_text_color=&#8220;#FFFFFF&#8220; header_font_size=&#8220;160px&#8220; header_font_size_tablet=&#8220;160px&#8220; header_font_size_phone=&#8220;90px&#8220; header_font_size_last_edited=&#8220;on|phone&#8220; custom_css_free_form=&#8220;h1 {||font-weight: 350;||}||&#8220; global_colors_info=&#8220;{}&#8220;]<h1>Galerie<\/h1>[\/et_pb_text][\/et_pb_column][\/et_pb_row][\/et_pb_section][et_pb_section fb_built=&#8220;1&#8243; custom_padding_last_edited=&#8220;on|tablet&#8220; module_id=&#8220;posts&#8220; _builder_version=&#8220;4.27.5&#8243; _module_preset=&#8220;default&#8220; background_color=&#8220;#f7f4eb&#8220; custom_padding=&#8220;100px||100px||true|false&#8220; custom_padding_tablet=&#8220;50px||50px||true|false&#8220; custom_padding_phone=&#8220;50px||50px||true|false&#8220; custom_css_free_form=&#8220;\/* When logged into WordPress (admin bar = 32px) *\/||body.logged-in selector {||  min-height: calc(100vh &#8211; 72px); \/* 40 + 32 *\/||}||||\/* For normal visitors (no admin bar) *\/||selector {||  min-height: calc(100vh &#8211; 40px);||}&#8220; global_colors_info=&#8220;{}&#8220;][et_pb_row module_class=&#8220;wpz-gallery-masonry&#8220; _builder_version=&#8220;4.27.4&#8243; _module_preset=&#8220;default&#8220; global_colors_info=&#8220;{}&#8220;][et_pb_column type=&#8220;4_4&#8243; _builder_version=&#8220;4.27.4&#8243; _module_preset=&#8220;default&#8220; global_colors_info=&#8220;{}&#8220;][et_pb_gallery gallery_ids=&#8220;416,417,418,419,420,421,422,423,424,425,426,427&#8243; posts_number=&#8220;24&#8243; orientation=&#8220;portrait&#8220; show_title_and_caption=&#8220;off&#8220; show_pagination=&#8220;off&#8220; zoom_icon_color=&#8220;#31110f&#8220; hover_overlay_color=&#8220;rgba(255,255,255,0.7)&#8220; hover_icon=&#8220;.||divi||400&#8243; _builder_version=&#8220;4.27.5&#8243; _module_preset=&#8220;default&#8220; border_radii=&#8220;on|10px|10px|10px|10px&#8220; global_colors_info=&#8220;{}&#8220;][\/et_pb_gallery][\/et_pb_column][\/et_pb_row][\/et_pb_section]\n","protected":false},"excerpt":{"rendered":"<p>Galerie<\/p>\n","protected":false},"author":1,"featured_media":0,"parent":0,"menu_order":0,"comment_status":"closed","ping_status":"closed","template":"","meta":{"_et_pb_use_builder":"on","_et_pb_old_content":"","_et_gb_content_width":"","inline_featured_image":false,"footnotes":""},"class_list":["post-710","page","type-page","status-publish","hentry"],"yoast_head":"<!-- This site is optimized with the Yoast SEO plugin v27.4 - https:\/\/yoast.com\/product\/yoast-seo-wordpress\/ -->\n<title>Andrew Sever | Galerie<\/title>\n<meta name=\"description\" content=\"Durchst\u00f6bern Sie eine Galerie von Andrew Sever, CEO von Sumsub, mit Fotos von Vortr\u00e4gen, Events sowie seiner Teilnahme an Ironman-, Oceanman- und weiteren sportlichen Aktivit\u00e4ten.\" \/>\n<meta name=\"robots\" content=\"index, follow, max-snippet:-1, max-image-preview:large, max-video-preview:-1\" \/>\n<link rel=\"canonical\" href=\"https:\/\/www.andrewsever.com\/de\/galerie\/\" \/>\n<meta property=\"og:locale\" content=\"de_DE\" \/>\n<meta property=\"og:type\" content=\"article\" \/>\n<meta property=\"og:title\" content=\"Andrew Sever | Galerie\" \/>\n<meta property=\"og:description\" content=\"Durchst\u00f6bern Sie eine Galerie von Andrew Sever, CEO von Sumsub, mit Fotos von Vortr\u00e4gen, Events sowie seiner Teilnahme an Ironman-, Oceanman- und weiteren sportlichen Aktivit\u00e4ten.\" \/>\n<meta property=\"og:url\" content=\"https:\/\/www.andrewsever.com\/de\/galerie\/\" \/>\n<meta property=\"og:site_name\" content=\"Andrew Sever\" \/>\n<meta property=\"article:modified_time\" content=\"2026-04-13T15:19:33+00:00\" \/>\n<meta name=\"twitter:card\" content=\"summary_large_image\" \/>\n<meta name=\"twitter:label1\" content=\"Gesch\u00e4tzte Lesezeit\" \/>\n\t<meta name=\"twitter:data1\" content=\"1\u00a0Minute\" \/>\n<script type=\"application\/ld+json\" class=\"yoast-schema-graph\">{\"@context\":\"https:\\\/\\\/schema.org\",\"@graph\":[{\"@type\":\"WebPage\",\"@id\":\"https:\\\/\\\/www.andrewsever.com\\\/de\\\/galerie\\\/\",\"url\":\"https:\\\/\\\/www.andrewsever.com\\\/de\\\/galerie\\\/\",\"name\":\"Andrew Sever | Galerie\",\"isPartOf\":{\"@id\":\"https:\\\/\\\/www.andrewsever.com\\\/de\\\/#website\"},\"datePublished\":\"2026-02-05T12:00:38+00:00\",\"dateModified\":\"2026-04-13T15:19:33+00:00\",\"description\":\"Durchst\u00f6bern Sie eine Galerie von Andrew Sever, CEO von Sumsub, mit Fotos von Vortr\u00e4gen, Events sowie seiner Teilnahme an Ironman-, Oceanman- und weiteren sportlichen Aktivit\u00e4ten.\",\"breadcrumb\":{\"@id\":\"https:\\\/\\\/www.andrewsever.com\\\/de\\\/galerie\\\/#breadcrumb\"},\"inLanguage\":\"de\",\"potentialAction\":[{\"@type\":\"ReadAction\",\"target\":[\"https:\\\/\\\/www.andrewsever.com\\\/de\\\/galerie\\\/\"]}]},{\"@type\":\"BreadcrumbList\",\"@id\":\"https:\\\/\\\/www.andrewsever.com\\\/de\\\/galerie\\\/#breadcrumb\",\"itemListElement\":[{\"@type\":\"ListItem\",\"position\":1,\"name\":\"Home\",\"item\":\"https:\\\/\\\/www.andrewsever.com\\\/de\\\/\"},{\"@type\":\"ListItem\",\"position\":2,\"name\":\"Galerie\"}]},{\"@type\":\"WebSite\",\"@id\":\"https:\\\/\\\/www.andrewsever.com\\\/de\\\/#website\",\"url\":\"https:\\\/\\\/www.andrewsever.com\\\/de\\\/\",\"name\":\"Andrew Sever\",\"description\":\"This is the blog of Andrew Sever\",\"potentialAction\":[{\"@type\":\"SearchAction\",\"target\":{\"@type\":\"EntryPoint\",\"urlTemplate\":\"https:\\\/\\\/www.andrewsever.com\\\/de\\\/?s={search_term_string}\"},\"query-input\":{\"@type\":\"PropertyValueSpecification\",\"valueRequired\":true,\"valueName\":\"search_term_string\"}}],\"inLanguage\":\"de\"}]}<\/script>\n<!-- \/ Yoast SEO plugin. -->","yoast_head_json":{"title":"Andrew Sever | Galerie","description":"Durchst\u00f6bern Sie eine Galerie von Andrew Sever, CEO von Sumsub, mit Fotos von Vortr\u00e4gen, Events sowie seiner Teilnahme an Ironman-, Oceanman- und weiteren sportlichen Aktivit\u00e4ten.","robots":{"index":"index","follow":"follow","max-snippet":"max-snippet:-1","max-image-preview":"max-image-preview:large","max-video-preview":"max-video-preview:-1"},"canonical":"https:\/\/www.andrewsever.com\/de\/galerie\/","og_locale":"de_DE","og_type":"article","og_title":"Andrew Sever | Galerie","og_description":"Durchst\u00f6bern Sie eine Galerie von Andrew Sever, CEO von Sumsub, mit Fotos von Vortr\u00e4gen, Events sowie seiner Teilnahme an Ironman-, Oceanman- und weiteren sportlichen Aktivit\u00e4ten.","og_url":"https:\/\/www.andrewsever.com\/de\/galerie\/","og_site_name":"Andrew Sever","article_modified_time":"2026-04-13T15:19:33+00:00","twitter_card":"summary_large_image","twitter_misc":{"Gesch\u00e4tzte Lesezeit":"1\u00a0Minute"},"schema":{"@context":"https:\/\/schema.org","@graph":[{"@type":"WebPage","@id":"https:\/\/www.andrewsever.com\/de\/galerie\/","url":"https:\/\/www.andrewsever.com\/de\/galerie\/","name":"Andrew Sever | Galerie","isPartOf":{"@id":"https:\/\/www.andrewsever.com\/de\/#website"},"datePublished":"2026-02-05T12:00:38+00:00","dateModified":"2026-04-13T15:19:33+00:00","description":"Durchst\u00f6bern Sie eine Galerie von Andrew Sever, CEO von Sumsub, mit Fotos von Vortr\u00e4gen, Events sowie seiner Teilnahme an Ironman-, Oceanman- und weiteren sportlichen Aktivit\u00e4ten.","breadcrumb":{"@id":"https:\/\/www.andrewsever.com\/de\/galerie\/#breadcrumb"},"inLanguage":"de","potentialAction":[{"@type":"ReadAction","target":["https:\/\/www.andrewsever.com\/de\/galerie\/"]}]},{"@type":"BreadcrumbList","@id":"https:\/\/www.andrewsever.com\/de\/galerie\/#breadcrumb","itemListElement":[{"@type":"ListItem","position":1,"name":"Home","item":"https:\/\/www.andrewsever.com\/de\/"},{"@type":"ListItem","position":2,"name":"Galerie"}]},{"@type":"WebSite","@id":"https:\/\/www.andrewsever.com\/de\/#website","url":"https:\/\/www.andrewsever.com\/de\/","name":"Andrew Sever","description":"This is the blog of Andrew Sever","potentialAction":[{"@type":"SearchAction","target":{"@type":"EntryPoint","urlTemplate":"https:\/\/www.andrewsever.com\/de\/?s={search_term_string}"},"query-input":{"@type":"PropertyValueSpecification","valueRequired":true,"valueName":"search_term_string"}}],"inLanguage":"de"}]}},"_links":{"self":[{"href":"https:\/\/www.andrewsever.com\/de\/wp-json\/wp\/v2\/pages\/710","targetHints":{"allow":["GET"]}}],"collection":[{"href":"https:\/\/www.andrewsever.com\/de\/wp-json\/wp\/v2\/pages"}],"about":[{"href":"https:\/\/www.andrewsever.com\/de\/wp-json\/wp\/v2\/types\/page"}],"author":[{"embeddable":true,"href":"https:\/\/www.andrewsever.com\/de\/wp-json\/wp\/v2\/users\/1"}],"replies":[{"embeddable":true,"href":"https:\/\/www.andrewsever.com\/de\/wp-json\/wp\/v2\/comments?post=710"}],"version-history":[{"count":1,"href":"https:\/\/www.andrewsever.com\/de\/wp-json\/wp\/v2\/pages\/710\/revisions"}],"predecessor-version":[{"id":763,"href":"https:\/\/www.andrewsever.com\/de\/wp-json\/wp\/v2\/pages\/710\/revisions\/763"}],"wp:attachment":[{"href":"https:\/\/www.andrewsever.com\/de\/wp-json\/wp\/v2\/media?parent=710"}],"curies":[{"name":"wp","href":"https:\/\/api.w.org\/{rel}","templated":true}]}}