{"id":706,"date":"2026-02-06T09:55:37","date_gmt":"2026-02-06T09:55:37","guid":{"rendered":"https:\/\/www.andrewsever.com\/uber\/"},"modified":"2026-04-13T14:25:08","modified_gmt":"2026-04-13T14:25:08","slug":"uber","status":"publish","type":"page","link":"https:\/\/www.andrewsever.com\/de\/uber\/","title":{"rendered":"\u00dcber"},"content":{"rendered":"<p>[et_pb_section fb_built=&#8220;1&#8243; _builder_version=&#8220;4.27.6&#8243; _module_preset=&#8220;default&#8220; use_background_color_gradient=&#8220;on&#8220; background_color_gradient_stops=&#8220;rgba(0,0,0,0.4) 0%|rgba(0,0,0,0.4) 100%&#8220; background_color_gradient_overlays_image=&#8220;on&#8220; background_image=&#8220;https:\/\/www.andrewsever.com\/wp-content\/uploads\/2026\/02\/Andrew-Sever-About-Page-Hero-Image-scaled.jpg&#8220; custom_css_main_element=&#8220;display: flex;||flex-direction: column;||justify-content: flex-end;||&#8220; custom_css_free_form=&#8220;\/* When logged into WordPress (admin bar = 32px) *\/||body.logged-in selector {||  min-height: calc(100vh &#8211; 72px); \/* 40 + 32 *\/||}||||\/* For normal visitors (no admin bar) *\/||selector {||  min-height: calc(100vh &#8211; 60px);||}&#8220; global_colors_info=&#8220;{}&#8220;][et_pb_row _builder_version=&#8220;4.27.5&#8243; _module_preset=&#8220;default&#8220; width=&#8220;90%&#8220; max_width=&#8220;90%&#8220; custom_margin=&#8220;||0px||false|false&#8220; global_colors_info=&#8220;{}&#8220;][et_pb_column type=&#8220;4_4&#8243; _builder_version=&#8220;4.27.5&#8243; _module_preset=&#8220;default&#8220; global_colors_info=&#8220;{}&#8220;][et_pb_text _builder_version=&#8220;4.27.5&#8243; _module_preset=&#8220;default&#8220; text_font=&#8220;Aeonik Pro||||||||&#8220; text_text_color=&#8220;#FFFFFF&#8220; header_font=&#8220;Geist||||||||&#8220; header_text_color=&#8220;#FFFFFF&#8220; header_font_size=&#8220;160px&#8220; header_font_size_tablet=&#8220;160px&#8220; header_font_size_phone=&#8220;90px&#8220; header_font_size_last_edited=&#8220;on|phone&#8220; custom_css_free_form=&#8220;h1 {||font-weight: 350;||}||&#8220; global_colors_info=&#8220;{}&#8220;]<\/p>\n<h1>\u00dcber<\/h1>\n<p>[\/et_pb_text][\/et_pb_column][\/et_pb_row][\/et_pb_section][et_pb_section fb_built=&#8220;1&#8243; _builder_version=&#8220;4.27.5&#8243; _module_preset=&#8220;default&#8220; background_color=&#8220;#f7f4eb&#8220; custom_css_main_element=&#8220;display: flex;||flex-direction: column;||justify-content: center;&#8220; custom_css_free_form=&#8220;\/* When logged into WordPress (admin bar = 32px) *\/||body.logged-in selector {||  min-height: calc(65vh); \/* 40 + 32 *\/||}||||\/* For normal visitors (no admin bar) *\/||selector {||  min-height: calc(65vh);||}&#8220; global_colors_info=&#8220;{}&#8220;][et_pb_row _builder_version=&#8220;4.27.5&#8243; _module_preset=&#8220;default&#8220; custom_margin=&#8220;||0px||false|false&#8220; custom_padding=&#8220;||||false|false&#8220; global_colors_info=&#8220;{}&#8220;][et_pb_column type=&#8220;4_4&#8243; _builder_version=&#8220;4.27.5&#8243; _module_preset=&#8220;default&#8220; global_colors_info=&#8220;{}&#8220;][et_pb_text _builder_version=&#8220;4.27.5&#8243; _module_preset=&#8220;default&#8220; text_font=&#8220;Inter||||||||&#8220; text_text_color=&#8220;#000000&#8243; text_letter_spacing=&#8220;-1px&#8220; width=&#8220;90%&#8220; text_font_size_tablet=&#8220;19px&#8220; text_font_size_phone=&#8220;19px&#8220; text_font_size_last_edited=&#8220;on|phone&#8220; text_line_height_tablet=&#8220;1.1em&#8220; text_line_height_phone=&#8220;1.1em&#8220; text_line_height_last_edited=&#8220;on|tablet&#8220; custom_css_main_element=&#8220;p {||  font-weight: 400;||}||&#8220; global_colors_info=&#8220;{}&#8220;]<\/p>\n<p>Andrew Sever war 2015 Mitbegr\u00fcnder von Sumsub. Er f\u00fchrte das Unternehmen von einem kleinen Startup zu einer globalen Verifizierungsplattform mit mehr als 1.000 Mitarbeitern in acht Niederlassungen, die mehr als 4.000 Kunden in \u00fcber 220 L\u00e4ndern und Gebieten unterst\u00fctzen. Als F\u00fchrungskraft erschafft Andrew Sever, CEO von Sumsub, Wachstum durch Gespr\u00e4che. Mit seinen Br\u00fcdern, dem F\u00fchrungsteam sowie ihren Kunden und Partnern unterzieht er Ideen immer wieder Stresstests und bringt dabei Menschen an einen Tisch, die unterschiedliche Aspekte eines Problems betrachten. Seine St\u00e4rke ist es, Komplexit\u00e4t in Klarheit zu verwandeln, Ausrichtung zu schaffen und das Produktmomentum voranzutreiben. Langfristig konzentriert er sich darauf, reale Schutzma\u00dfnahmen gegen Betrug zu entwickeln und die Verifizierung f\u00fcr Unternehmen sowie Nutzer \u00fcberall schneller, fairer und menschlicher zu gestalten.   <br \/><span data-metadata=\"&lt;!--(figmeta)eyJmaWxlS2V5Ijoiajc5bDhlVWJDWEh4SnVqcVdnUWFMdiIsInBhc3RlSUQiOjY2ODU1NDI5OCwiZGF0YVR5cGUiOiJzY2VuZSJ9Cg==(\/figmeta)--&gt;\"><\/span><\/p>\n<p><span><\/span><\/p>\n<p>[\/et_pb_text][\/et_pb_column][\/et_pb_row][et_pb_row _builder_version=&#8220;4.27.5&#8243; _module_preset=&#8220;default&#8220; custom_margin=&#8220;5px||||false|false&#8220; global_colors_info=&#8220;{}&#8220;][et_pb_column type=&#8220;4_4&#8243; _builder_version=&#8220;4.27.5&#8243; _module_preset=&#8220;default&#8220; global_colors_info=&#8220;{}&#8220;][et_pb_button button_url=&#8220;@ET-DC@eyJkeW5hbWljIjp0cnVlLCJjb250ZW50IjoicG9zdF9saW5rX3VybF9wYWdlIiwic2V0dGluZ3MiOnsicG9zdF9pZCI6IjMyIiwiZW5hYmxlX2h0bWwiOiJvZmYifX0=@&#8220; button_text=&#8220;Mehr \u00fcber Sumsub erfahren&#8220; _builder_version=&#8220;4.27.6&#8243; _dynamic_attributes=&#8220;button_url&#8220; _module_preset=&#8220;default&#8220; hover_enabled=&#8220;0&#8243; global_colors_info=&#8220;{}&#8220; sticky_enabled=&#8220;0&#8243;][\/et_pb_button][\/et_pb_column][\/et_pb_row][\/et_pb_section][et_pb_section fb_built=&#8220;1&#8243; _builder_version=&#8220;4.27.6&#8243; _module_preset=&#8220;default&#8220; background_enable_color=&#8220;off&#8220; background_image=&#8220;https:\/\/www.andrewsever.com\/wp-content\/uploads\/2026\/02\/Andrew-Sever-About-Page-Banner-Image.jpg&#8220; background_last_edited=&#8220;on|phone&#8220; background_position_tablet=&#8220;center&#8220; background_position_phone=&#8220;center&#8220; background_horizontal_offset_tablet=&#8220;25%&#8220; background_horizontal_offset_phone=&#8220;31%&#8220; custom_css_main_element=&#8220;min-height: calc(100vh);||&#8220; global_colors_info=&#8220;{}&#8220; custom_css_main_element_last_edited=&#8220;on|tablet&#8220; custom_css_main_element_phone=&#8220;min-height: calc(30vh);||  &#8220; custom_css_main_element_tablet=&#8220;min-height: calc(50vh);&#8220;][\/et_pb_section][et_pb_section fb_built=&#8220;1&#8243; custom_padding_last_edited=&#8220;on|tablet&#8220; _builder_version=&#8220;4.27.5&#8243; _module_preset=&#8220;default&#8220; background_color=&#8220;#0d1f08&#8243; custom_padding=&#8220;100px||100px||true|false&#8220; custom_padding_tablet=&#8220;125px||125px||true|false&#8220; custom_padding_phone=&#8220;50px||50px||true|false&#8220; custom_css_main_element=&#8220;display: flex;||flex-direction: column;||justify-content: center;&#8220; custom_css_free_form=&#8220;\/* When logged into WordPress (admin bar = 32px) *\/||body.logged-in selector {||  min-height: calc(100vh &#8211; 72px); \/* 40 + 32 *\/||}||||\/* For normal visitors (no admin bar) *\/||selector {||  min-height: calc(100vh &#8211; 60px);||}&#8220; global_colors_info=&#8220;{}&#8220;][et_pb_row column_structure=&#8220;1_2,1_2&#8243; make_equal=&#8220;on&#8220; _builder_version=&#8220;4.27.5&#8243; _module_preset=&#8220;default&#8220; custom_padding=&#8220;||||false|false&#8220; global_colors_info=&#8220;{}&#8220;][et_pb_column type=&#8220;1_2&#8243; _builder_version=&#8220;4.27.5&#8243; _module_preset=&#8220;default&#8220; custom_css_main_element=&#8220;margin: auto;&#8220; global_colors_info=&#8220;{}&#8220;][et_pb_text _builder_version=&#8220;4.27.5&#8243; _module_preset=&#8220;default&#8220; text_font=&#8220;Inter||||||||&#8220; text_text_color=&#8220;#FFFFFF&#8220; text_letter_spacing=&#8220;-1px&#8220; width=&#8220;90%&#8220; text_font_size_tablet=&#8220;19px&#8220; text_font_size_phone=&#8220;19px&#8220; text_font_size_last_edited=&#8220;on|phone&#8220; text_line_height_tablet=&#8220;1.1em&#8220; text_line_height_phone=&#8220;1.1em&#8220; text_line_height_last_edited=&#8220;on|tablet&#8220; custom_css_main_element=&#8220;p {||  font-weight: 400;||}||&#8220; global_colors_info=&#8220;{}&#8220;]<\/p>\n<p>Andrews Kommentare und Erkenntnisse wurden in Forbes, The Business Times, Spiceworks, Fintech Finance und anderen internationalen Medien ver\u00f6ffentlicht. Als CEO beaufsichtigt er die Gesch\u00e4ftsentwicklung, den Betrieb, den Vertrieb und die globale Expansion von Sumsub, w\u00e4hrend er zeitgleich stark in die Produktausrichtung und die Teamkultur eingebunden ist. <br \/><span data-metadata=\"&lt;!--(figmeta)eyJmaWxlS2V5Ijoiajc5bDhlVWJDWEh4SnVqcVdnUWFMdiIsInBhc3RlSUQiOjY2ODU1NDI5OCwiZGF0YVR5cGUiOiJzY2VuZSJ9Cg==(\/figmeta)--&gt;\"><\/span><\/p>\n<p><span><\/span><\/p>\n<p>[\/et_pb_text][\/et_pb_column][et_pb_column type=&#8220;1_2&#8243; _builder_version=&#8220;4.27.5&#8243; _module_preset=&#8220;default&#8220; custom_css_main_element=&#8220;margin: auto;&#8220; global_colors_info=&#8220;{}&#8220;][et_pb_image src=&#8220;https:\/\/www.andrewsever.com\/wp-content\/uploads\/2026\/02\/Andrew-Sever-About-Page-CEO.jpg&#8220; alt=&#8220;Andrew Sever&#8220; title_text=&#8220;Andrew-Sever-About-Page-CEO&#8220; align=&#8220;center&#8220; _builder_version=&#8220;4.27.6&#8243; _module_preset=&#8220;default&#8220; border_radii=&#8220;on|15px|15px|15px|15px&#8220; global_colors_info=&#8220;{}&#8220;][\/et_pb_image][\/et_pb_column][\/et_pb_row][et_pb_row column_structure=&#8220;1_2,1_2&#8243; make_equal=&#8220;on&#8220; _builder_version=&#8220;4.27.5&#8243; _module_preset=&#8220;default&#8220; custom_padding=&#8220;||||false|false&#8220; global_colors_info=&#8220;{}&#8220;][et_pb_column type=&#8220;1_2&#8243; _builder_version=&#8220;4.27.5&#8243; _module_preset=&#8220;default&#8220; custom_css_main_element=&#8220;margin: auto;&#8220; global_colors_info=&#8220;{}&#8220;][et_pb_image src=&#8220;https:\/\/www.andrewsever.com\/wp-content\/uploads\/2026\/02\/Andrew-Sever-About-Page-Oceanman-Ironman.jpg&#8220; alt=&#8220;Andrew Sever&#8220; title_text=&#8220;Andrew-Sever-About-Page-Oceanman-Ironman&#8220; align=&#8220;center&#8220; _builder_version=&#8220;4.27.6&#8243; _module_preset=&#8220;default&#8220; custom_padding=&#8220;||||false|false&#8220; custom_padding_tablet=&#8220;||20px||false|false&#8220; custom_padding_phone=&#8220;||20px||false|false&#8220; custom_padding_last_edited=&#8220;on|tablet&#8220; border_radii=&#8220;on|15px|15px|15px|15px&#8220; global_colors_info=&#8220;{}&#8220;][\/et_pb_image][\/et_pb_column][et_pb_column type=&#8220;1_2&#8243; _builder_version=&#8220;4.27.5&#8243; _module_preset=&#8220;default&#8220; custom_css_main_element=&#8220;margin: auto;&#8220; global_colors_info=&#8220;{}&#8220;][et_pb_text _builder_version=&#8220;4.27.5&#8243; _module_preset=&#8220;default&#8220; text_font=&#8220;Inter||||||||&#8220; text_text_color=&#8220;#FFFFFF&#8220; text_letter_spacing=&#8220;-1px&#8220; width=&#8220;90%&#8220; text_font_size_tablet=&#8220;19px&#8220; text_font_size_phone=&#8220;19px&#8220; text_font_size_last_edited=&#8220;on|phone&#8220; text_line_height_tablet=&#8220;1.1em&#8220; text_line_height_phone=&#8220;1.1em&#8220; text_line_height_last_edited=&#8220;on|tablet&#8220; custom_css_main_element=&#8220;p {||  font-weight: 400;||}||&#8220; global_colors_info=&#8220;{}&#8220;]<\/p>\n<p>Au\u00dferhalb der Arbeit betrachtet Andrew das Training als Teil der F\u00fchrungsarbeit und nicht als Hobby. Er sieht Geist und K\u00f6rper als ein System, in dem Bewegung, Erholung und geistige Klarheit eng miteinander verbunden sind. Er trainiert f\u00fcr den IRONMAN 70.3 und den OCEANMAN mit einem strukturierten, datengesteuerten Ansatz, arbeitet mit Trainern und medizinischen Spezialisten zusammen und achtet sehr auf die Erholung und die langfristige Leistung. Ausdauersportarten, vor allem Freiwasserschwimmen, sch\u00e4rfen seine F\u00e4higkeit, unter Druck die Ruhe zu bewahren \u2013 eine F\u00e4higkeit, die er sowohl als F\u00fchrungskraft als auch im Wettkampf sch\u00e4tzt. Andrew ist auch neugierig auf Gesundheitsdaten, nutzt Wearables eher mit Bedacht als dogmatisch und unterst\u00fctzt aktiv Teamsportinitiativen bei Sumsub wegen ihrer kognitiven und kulturellen Vorteile.    <br \/><span data-metadata=\"&lt;!--(figmeta)eyJmaWxlS2V5Ijoiajc5bDhlVWJDWEh4SnVqcVdnUWFMdiIsInBhc3RlSUQiOjY2ODU1NDI5OCwiZGF0YVR5cGUiOiJzY2VuZSJ9Cg==(\/figmeta)--&gt;\"><\/span><\/p>\n<p><span><\/span><\/p>\n<p>[\/et_pb_text][\/et_pb_column][\/et_pb_row][\/et_pb_section]<\/p>\n","protected":false},"excerpt":{"rendered":"<p>\u00dcberAndrew Sever war 2015 Mitbegr\u00fcnder von Sumsub. Er f\u00fchrte das Unternehmen von einem kleinen Startup zu einer globalen Verifizierungsplattform mit mehr als 1.000 Mitarbeitern in acht Niederlassungen, die mehr als 4.000 Kunden in \u00fcber 220 L\u00e4ndern und Gebieten unterst\u00fctzen. Als F\u00fchrungskraft erschafft Andrew Sever, CEO von Sumsub, Wachstum durch Gespr\u00e4che. Mit seinen Br\u00fcdern, dem F\u00fchrungsteam [&hellip;]<\/p>\n","protected":false},"author":1,"featured_media":0,"parent":0,"menu_order":0,"comment_status":"closed","ping_status":"closed","template":"","meta":{"_et_pb_use_builder":"on","_et_pb_old_content":"","_et_gb_content_width":"","inline_featured_image":false,"footnotes":""},"class_list":["post-706","page","type-page","status-publish","hentry"],"yoast_head":"<!-- This site is optimized with the Yoast SEO plugin v27.4 - https:\/\/yoast.com\/product\/yoast-seo-wordpress\/ -->\n<title>Andrew Sever | CEO und Mitbegr\u00fcnder von Sumsub<\/title>\n<meta name=\"description\" content=\"Andrew Sever war 2015 Mitbegr\u00fcnder von Sumsub. Er f\u00fchrte das Unternehmen von einem kleinen Startup zu einer globalen Verifizierungsplattform mit mehr als 1.000 Mitarbeitern in acht Niederlassungen, die mehr als 4.000 Kunden in \u00fcber 220 L\u00e4ndern und Gebieten unterst\u00fctzen\" \/>\n<meta name=\"robots\" content=\"index, follow, max-snippet:-1, max-image-preview:large, max-video-preview:-1\" \/>\n<link rel=\"canonical\" href=\"https:\/\/www.andrewsever.com\/de\/uber\/\" \/>\n<meta property=\"og:locale\" content=\"de_DE\" \/>\n<meta property=\"og:type\" content=\"article\" \/>\n<meta property=\"og:title\" content=\"Andrew Sever | CEO und Mitbegr\u00fcnder von Sumsub\" \/>\n<meta property=\"og:description\" content=\"Andrew Sever war 2015 Mitbegr\u00fcnder von Sumsub. Er f\u00fchrte das Unternehmen von einem kleinen Startup zu einer globalen Verifizierungsplattform mit mehr als 1.000 Mitarbeitern in acht Niederlassungen, die mehr als 4.000 Kunden in \u00fcber 220 L\u00e4ndern und Gebieten unterst\u00fctzen\" \/>\n<meta property=\"og:url\" content=\"https:\/\/www.andrewsever.com\/de\/uber\/\" \/>\n<meta property=\"og:site_name\" content=\"Andrew Sever\" \/>\n<meta property=\"article:modified_time\" content=\"2026-04-13T14:25:08+00:00\" \/>\n<meta name=\"twitter:card\" content=\"summary_large_image\" \/>\n<meta name=\"twitter:label1\" content=\"Gesch\u00e4tzte Lesezeit\" \/>\n\t<meta name=\"twitter:data1\" content=\"6\u00a0Minuten\" \/>\n<script type=\"application\/ld+json\" class=\"yoast-schema-graph\">{\"@context\":\"https:\\\/\\\/schema.org\",\"@graph\":[{\"@type\":\"WebPage\",\"@id\":\"https:\\\/\\\/www.andrewsever.com\\\/de\\\/uber\\\/\",\"url\":\"https:\\\/\\\/www.andrewsever.com\\\/de\\\/uber\\\/\",\"name\":\"Andrew Sever | CEO und Mitbegr\u00fcnder von Sumsub\",\"isPartOf\":{\"@id\":\"https:\\\/\\\/www.andrewsever.com\\\/de\\\/#website\"},\"datePublished\":\"2026-02-06T09:55:37+00:00\",\"dateModified\":\"2026-04-13T14:25:08+00:00\",\"description\":\"Andrew Sever war 2015 Mitbegr\u00fcnder von Sumsub. Er f\u00fchrte das Unternehmen von einem kleinen Startup zu einer globalen Verifizierungsplattform mit mehr als 1.000 Mitarbeitern in acht Niederlassungen, die mehr als 4.000 Kunden in \u00fcber 220 L\u00e4ndern und Gebieten unterst\u00fctzen\",\"breadcrumb\":{\"@id\":\"https:\\\/\\\/www.andrewsever.com\\\/de\\\/uber\\\/#breadcrumb\"},\"inLanguage\":\"de\",\"potentialAction\":[{\"@type\":\"ReadAction\",\"target\":[\"https:\\\/\\\/www.andrewsever.com\\\/de\\\/uber\\\/\"]}]},{\"@type\":\"BreadcrumbList\",\"@id\":\"https:\\\/\\\/www.andrewsever.com\\\/de\\\/uber\\\/#breadcrumb\",\"itemListElement\":[{\"@type\":\"ListItem\",\"position\":1,\"name\":\"Home\",\"item\":\"https:\\\/\\\/www.andrewsever.com\\\/de\\\/\"},{\"@type\":\"ListItem\",\"position\":2,\"name\":\"\u00dcber\"}]},{\"@type\":\"WebSite\",\"@id\":\"https:\\\/\\\/www.andrewsever.com\\\/de\\\/#website\",\"url\":\"https:\\\/\\\/www.andrewsever.com\\\/de\\\/\",\"name\":\"Andrew Sever\",\"description\":\"This is the blog of Andrew Sever\",\"potentialAction\":[{\"@type\":\"SearchAction\",\"target\":{\"@type\":\"EntryPoint\",\"urlTemplate\":\"https:\\\/\\\/www.andrewsever.com\\\/de\\\/?s={search_term_string}\"},\"query-input\":{\"@type\":\"PropertyValueSpecification\",\"valueRequired\":true,\"valueName\":\"search_term_string\"}}],\"inLanguage\":\"de\"}]}<\/script>\n<!-- \/ Yoast SEO plugin. -->","yoast_head_json":{"title":"Andrew Sever | CEO und Mitbegr\u00fcnder von Sumsub","description":"Andrew Sever war 2015 Mitbegr\u00fcnder von Sumsub. Er f\u00fchrte das Unternehmen von einem kleinen Startup zu einer globalen Verifizierungsplattform mit mehr als 1.000 Mitarbeitern in acht Niederlassungen, die mehr als 4.000 Kunden in \u00fcber 220 L\u00e4ndern und Gebieten unterst\u00fctzen","robots":{"index":"index","follow":"follow","max-snippet":"max-snippet:-1","max-image-preview":"max-image-preview:large","max-video-preview":"max-video-preview:-1"},"canonical":"https:\/\/www.andrewsever.com\/de\/uber\/","og_locale":"de_DE","og_type":"article","og_title":"Andrew Sever | CEO und Mitbegr\u00fcnder von Sumsub","og_description":"Andrew Sever war 2015 Mitbegr\u00fcnder von Sumsub. Er f\u00fchrte das Unternehmen von einem kleinen Startup zu einer globalen Verifizierungsplattform mit mehr als 1.000 Mitarbeitern in acht Niederlassungen, die mehr als 4.000 Kunden in \u00fcber 220 L\u00e4ndern und Gebieten unterst\u00fctzen","og_url":"https:\/\/www.andrewsever.com\/de\/uber\/","og_site_name":"Andrew Sever","article_modified_time":"2026-04-13T14:25:08+00:00","twitter_card":"summary_large_image","twitter_misc":{"Gesch\u00e4tzte Lesezeit":"6\u00a0Minuten"},"schema":{"@context":"https:\/\/schema.org","@graph":[{"@type":"WebPage","@id":"https:\/\/www.andrewsever.com\/de\/uber\/","url":"https:\/\/www.andrewsever.com\/de\/uber\/","name":"Andrew Sever | CEO und Mitbegr\u00fcnder von Sumsub","isPartOf":{"@id":"https:\/\/www.andrewsever.com\/de\/#website"},"datePublished":"2026-02-06T09:55:37+00:00","dateModified":"2026-04-13T14:25:08+00:00","description":"Andrew Sever war 2015 Mitbegr\u00fcnder von Sumsub. Er f\u00fchrte das Unternehmen von einem kleinen Startup zu einer globalen Verifizierungsplattform mit mehr als 1.000 Mitarbeitern in acht Niederlassungen, die mehr als 4.000 Kunden in \u00fcber 220 L\u00e4ndern und Gebieten unterst\u00fctzen","breadcrumb":{"@id":"https:\/\/www.andrewsever.com\/de\/uber\/#breadcrumb"},"inLanguage":"de","potentialAction":[{"@type":"ReadAction","target":["https:\/\/www.andrewsever.com\/de\/uber\/"]}]},{"@type":"BreadcrumbList","@id":"https:\/\/www.andrewsever.com\/de\/uber\/#breadcrumb","itemListElement":[{"@type":"ListItem","position":1,"name":"Home","item":"https:\/\/www.andrewsever.com\/de\/"},{"@type":"ListItem","position":2,"name":"\u00dcber"}]},{"@type":"WebSite","@id":"https:\/\/www.andrewsever.com\/de\/#website","url":"https:\/\/www.andrewsever.com\/de\/","name":"Andrew Sever","description":"This is the blog of Andrew Sever","potentialAction":[{"@type":"SearchAction","target":{"@type":"EntryPoint","urlTemplate":"https:\/\/www.andrewsever.com\/de\/?s={search_term_string}"},"query-input":{"@type":"PropertyValueSpecification","valueRequired":true,"valueName":"search_term_string"}}],"inLanguage":"de"}]}},"_links":{"self":[{"href":"https:\/\/www.andrewsever.com\/de\/wp-json\/wp\/v2\/pages\/706","targetHints":{"allow":["GET"]}}],"collection":[{"href":"https:\/\/www.andrewsever.com\/de\/wp-json\/wp\/v2\/pages"}],"about":[{"href":"https:\/\/www.andrewsever.com\/de\/wp-json\/wp\/v2\/types\/page"}],"author":[{"embeddable":true,"href":"https:\/\/www.andrewsever.com\/de\/wp-json\/wp\/v2\/users\/1"}],"replies":[{"embeddable":true,"href":"https:\/\/www.andrewsever.com\/de\/wp-json\/wp\/v2\/comments?post=706"}],"version-history":[{"count":1,"href":"https:\/\/www.andrewsever.com\/de\/wp-json\/wp\/v2\/pages\/706\/revisions"}],"predecessor-version":[{"id":737,"href":"https:\/\/www.andrewsever.com\/de\/wp-json\/wp\/v2\/pages\/706\/revisions\/737"}],"wp:attachment":[{"href":"https:\/\/www.andrewsever.com\/de\/wp-json\/wp\/v2\/media?parent=706"}],"curies":[{"name":"wp","href":"https:\/\/api.w.org\/{rel}","templated":true}]}}